{"id":1356,"date":"2020-08-30T16:53:43","date_gmt":"2020-08-30T14:53:43","guid":{"rendered":"https:\/\/tourismus.bibibo.de\/?page_id=1356"},"modified":"2020-11-23T21:09:38","modified_gmt":"2020-11-23T20:09:38","slug":"touren-in-reizvoller-natur","status":"publish","type":"page","link":"https:\/\/tourismus.bibibo.info\/?page_id=1356","title":{"rendered":"Touren in reizvoller Natur"},"content":{"rendered":"\n<div class=\"wp-block-columns is-layout-flex wp-container-core-columns-is-layout-28f84493 wp-block-columns-is-layout-flex\">\n<div class=\"wp-block-column is-layout-flow wp-block-column-is-layout-flow\">\n<figure class=\"wp-block-image\"><img decoding=\"async\" src=\"http:\/\/natur.biebertaler-bilderbogen.de\/wp-content\/uploads\/2020\/07\/20200722_092045-1024x576.jpg\" alt=\"Dieses Bild hat ein leeres Alt-Attribut. Der Dateiname ist 20200722_092045-1024x576.jpg\"\/><figcaption>Fotos: Lindemann<br><strong>Blick in der Ferne &#8230; und in den Nahbereich<\/strong><\/figcaption><\/figure>\n\n\n\n<h2 class=\"has-text-align-center wp-block-heading\">Radtouren<\/h2>\n\n\n\n<figure class=\"wp-block-image is-resized\"><img loading=\"lazy\" decoding=\"async\" src=\"https:\/\/natur.biebertaler-bilderbogen.de\/wp-content\/uploads\/2020\/08\/image-42.png\" alt=\"Dieses Bild hat ein leeres Alt-Attribut. Der Dateiname ist image-42.png\" width=\"351\" height=\"211\"\/><\/figure>\n\n\n\n<h5 class=\"wp-block-heading\">Touren von <em>Wolfgang Gerlach<\/em>:<\/h5>\n\n\n\n<p><a href=\"https:\/\/tourismus.bibibo.info\/kopie\/vier-tuerme-tour\/\">Die vier T\u00fcrme Tour<\/a> (<strong>Vetzberg, Gleiburg, D\u00fcnsberg<\/strong>)<br><a href=\"https:\/\/tourismus.bibibo.info\/kopie\/biebertal-vier-fluesse-radrunde\/\">Vier Fl\u00fcsse-Tour<\/a> (<strong>Vers, Salzb\u00f6de, Siegbach, Aar<\/strong>)<br><a href=\"https:\/\/tourismus.bibibo.info\/kopie\/biebertal-aartalsee-radrunde\/\">Biebertal &#8211; Aartalsee<\/a><br><a href=\"https:\/\/tourismus.bibibo.info\/radwege\/biebertal-heuchelheimer-seen-runde\/\">Biebertal &#8211; Heuchelheimer Seen<\/a><br><a href=\"https:\/\/tourismus.bibibo.info\/radtouren\/biebertal-kloster-arnsburg\/\">Die zwei Kl\u00f6ster-Tour<\/a> <strong>(Schiffenberg, Arnsburg)<\/strong><br><a href=\"https:\/\/tourismus.bibibo.info\/kopie\/biebertal-wissmarer-launsbacher-seen-radrunde\/\">Biebertal \u2013 <strong>Wissmar<\/strong>er See<\/a><br><a href=\"https:\/\/tourismus.bibibo.info\/kopie\/fohnbach-kattenbach-runde-im-krofdorfer-forst\/\">Durch den <strong>Krofdorf<\/strong>er Forst<\/a><\/p>\n\n\n\n<h5 class=\"wp-block-heading\">Von der Zukunftswerkstatt Biebertal angeregte Touren<\/h5>\n\n\n\n<p><a href=\"https:\/\/tourismus.bibibo.info\/kopie\/biebertaler-familien-radrunde\/\">Gro\u00dfe Familienrunde<\/a><br><a href=\"https:\/\/tourismus.bibibo.info\/kopie\/grosse-biebertal-rad-runde\/\">Gro\u00dfe Biebertal-Radrunde<\/a><br><a href=\"https:\/\/tourismus.bibibo.info\/kopie\/ortsteilrunde-biebertal\/\">Biebertaler Ortsteilrunde<\/a><\/p>\n<\/div>\n\n\n\n<div class=\"wp-block-column is-layout-flow wp-block-column-is-layout-flow\">\n<figure class=\"wp-block-image is-resized\"><img loading=\"lazy\" decoding=\"async\" src=\"http:\/\/natur.biebertaler-bilderbogen.de\/wp-content\/uploads\/2020\/06\/InkarnatkleeP1120480.jpg-1000.jpg\" alt=\"Dieses Bild hat ein leeres Alt-Attribut. Der Dateiname ist InkarnatkleeP1120480.jpg-1000.jpg\" width=\"322\" height=\"231\"\/><\/figure>\n\n\n\n<h2 class=\"has-text-align-center wp-block-heading\">Wanderrouten<\/h2>\n\n\n\n<p><a href=\"https:\/\/tourismus.bibibo.info\/kopie\/wandertipps-auf-internetplattformen\/\"><strong>Links&nbsp;<\/strong>zu <strong>Wanderrouten auf Online-Plattformen<\/strong><\/a><\/p>\n\n\n\n<p><a href=\"https:\/\/tourismus.bibibo.info\/kopie\/der-biebertaler-entschleunigungsweg\/\">Der Biebertaler Entschleunigungsweg <\/a> (<strong>Rodheim<\/strong>)<\/p>\n\n\n\n<p><a href=\"https:\/\/tourismus.bibibo.info\/kopie\/kunstweg-am-duensberg\/\">Kunstweg am <strong>D\u00fcnsberg<\/strong><\/a><\/p>\n\n\n\n<p><a href=\"https:\/\/tourismus.bibibo.info\/kopie\/duensberglauf-auf-den-spuren-der-kelten\/\">Die Strecke des j\u00e4hrlichen D\u00fcnsberglaufs<\/a><\/p>\n\n\n\n<p><a href=\"https:\/\/tourismus.bibibo.info\/kopie\/fellingshaeuser-krippenweg\/\">Fellingsh\u00e4user Krippenweg<\/a> <br>&#8211; <a href=\"https:\/\/tourismus.bibibo.info\/kopie\/der-krippenweg-im-mai\/\">Krippenweg im Mai<\/a><\/p>\n\n\n\n<h5 class=\"wp-block-heading\">Touren von <em>Wolfgang Gerlach<\/em>:<\/h5>\n\n\n\n<p><a href=\"https:\/\/tourismus.bibibo.info\/kopie\/fuchsfaehrte\/\">Fuchsf\u00e4hrte <\/a><\/p>\n\n\n\n<h5 class=\"wp-block-heading\">Touren von <em>Ernst D\u00f6pfer<\/em><\/h5>\n\n\n\n<p><a href=\"https:\/\/tourismus.bibibo.info\/kopie\/auf-verschwiegenen-pfaden-zum-duensberg\/\">Auf verschwiegenen Wegen zum D\u00fcnsberg<\/a><br><a href=\"https:\/\/tourismus.bibibo.info\/kopie\/von-der-schuetzenklause-zur-schmelzmuehle\/\">Von der Sch\u00fctzenklause zur Schmelzm\u00fchle<\/a><br><a href=\"https:\/\/tourismus.bibibo.info\/kopie\/tk-25-von-frankenbach-ins-hinterland-zur-koppe\/\">Von <strong>Frankenbach <\/strong>ins Hinterland zur Koppe <\/a><br><a href=\"https:\/\/tourismus.bibibo.info\/kopie\/immer-dem-blauen-strich-entlang\/\">Immer am blauen Strich entlang <\/a><\/p>\n\n\n\n<h5 class=\"wp-block-heading\">Der Lahnwanderweg (Nachbarschaften)<\/h5>\n\n\n\n<p><a href=\"https:\/\/tourismus.bibibo.info\/uncategorized\/lahnwanderweg-etappen-im-giessener-land\/\" target=\"_blank\" rel=\"noreferrer noopener\">Das Salzb\u00f6detal<\/a><\/p>\n<\/div>\n<\/div>\n\n\n\n<p><\/p>\n","protected":false},"excerpt":{"rendered":"<p>Radtouren Touren von Wolfgang Gerlach: Die vier T\u00fcrme Tour (Vetzberg, Gleiburg, D\u00fcnsberg)Vier Fl\u00fcsse-Tour (Vers, Salzb\u00f6de, Siegbach, Aar)Biebertal &#8211; AartalseeBiebertal &#8211; Heuchelheimer SeenDie zwei Kl\u00f6ster-Tour (Schiffenberg, Arnsburg)Biebertal \u2013 Wissmarer SeeDurch den Krofdorfer Forst Von der Zukunftswerkstatt Biebertal angeregte Touren Gro\u00dfe FamilienrundeGro\u00dfe Biebertal-RadrundeBiebertaler Ortsteilrunde Wanderrouten Links&nbsp;zu Wanderrouten auf Online-Plattformen Der Biebertaler Entschleunigungsweg (Rodheim) Kunstweg am D\u00fcnsberg Die &hellip; <\/p>\n<p class=\"link-more\"><a href=\"https:\/\/tourismus.bibibo.info\/?page_id=1356\" class=\"more-link\">Mehr <span class=\"screen-reader-text\">\u00fcber &#8222;Touren in reizvoller Natur&#8220; <\/span>Lesen<\/a><\/p>\n","protected":false},"author":2,"featured_media":0,"parent":0,"menu_order":0,"comment_status":"closed","ping_status":"closed","template":"","meta":{"inspiro_hide_title":false,"footnotes":""},"class_list":["post-1356","page","type-page","status-publish","hentry"],"_links":{"self":[{"href":"https:\/\/tourismus.bibibo.info\/index.php?rest_route=\/wp\/v2\/pages\/1356","targetHints":{"allow":["GET"]}}],"collection":[{"href":"https:\/\/tourismus.bibibo.info\/index.php?rest_route=\/wp\/v2\/pages"}],"about":[{"href":"https:\/\/tourismus.bibibo.info\/index.php?rest_route=\/wp\/v2\/types\/page"}],"author":[{"embeddable":true,"href":"https:\/\/tourismus.bibibo.info\/index.php?rest_route=\/wp\/v2\/users\/2"}],"replies":[{"embeddable":true,"href":"https:\/\/tourismus.bibibo.info\/index.php?rest_route=%2Fwp%2Fv2%2Fcomments&post=1356"}],"version-history":[{"count":32,"href":"https:\/\/tourismus.bibibo.info\/index.php?rest_route=\/wp\/v2\/pages\/1356\/revisions"}],"predecessor-version":[{"id":1667,"href":"https:\/\/tourismus.bibibo.info\/index.php?rest_route=\/wp\/v2\/pages\/1356\/revisions\/1667"}],"wp:attachment":[{"href":"https:\/\/tourismus.bibibo.info\/index.php?rest_route=%2Fwp%2Fv2%2Fmedia&parent=1356"}],"curies":[{"name":"wp","href":"https:\/\/api.w.org\/{rel}","templated":true}]}}