{"id":1728,"date":"2021-05-17T18:28:42","date_gmt":"2021-05-17T16:28:42","guid":{"rendered":"https:\/\/tourismus.bibibo.de\/?page_id=1728"},"modified":"2023-09-10T23:01:37","modified_gmt":"2023-09-10T21:01:37","slug":"der-lahnwanderweg","status":"publish","type":"page","link":"https:\/\/tourismus.bibibo.info\/?page_id=1728","title":{"rendered":"Der Lahnwanderweg"},"content":{"rendered":"\n<p class=\"wp-block-outdooractive-embed oa_embed\" style=\"display:none\">[oaembed url=&#8220;&lt;script type=text\/javascript src=https:\/\/www.lahnwanderweg.de\/de\/embed\/4274697\/js?mw=false>&lt;\/script>&#8220; maxwidth=&#8220;&#8220; ]<\/p>\n\n\n\n<p>Der Lahnwanderweg steht dieses Jahr (2021) zur <a rel=\"noreferrer noopener\" href=\"https:\/\/wandermagazin.de\/wahlstudio\" target=\"_blank\"><strong>Wahl des sch\u00f6nsten Wanderweges<\/strong><\/a> bei den Mehrtagestouren. Abgestimmt werden kann noch <strong>bis 30.06.2021<\/strong> und wer seine Stimme abgibt kann auch noch etwas <a rel=\"noreferrer noopener\" href=\"https:\/\/wandermagazin.de\/de\/artikel\/aktuelles\/1024\/gewinnspiel-zur-wahl-deutschlands-schonster-wanderweg-2021.html\" target=\"_blank\"><strong>gewinnen<\/strong><\/a>. Da ihr bei der Wahl nicht nur Mehrtagestouren zur Auswahl habt, sondern auch Tagestouren, w\u00fcrde sich die Loreley Extratour, die ja auch nicht allzuweit entfernt ist, \u00fcber eine Stimme freuen. <\/p>\n\n\n\n<p>Nun aber zum Wanderweg an sich:<\/p>\n\n\n\n<p><strong>Die Lahn flie\u00dft in 242 Kilometern von der Quelle im Rothaargebirge bis zur M\u00fcndung in den Rhein bei Lahnstein. Der Lahnwanderweg nimmt sich f\u00fcr diese Strecke mehr Zeit. Er f\u00fchrt in 295 km \u00fcber Berg und Tal, Wald und Aue, Stadt und Dorf durch das ganze Lahntal bis zum Rhein.<\/strong><\/p>\n\n\n\n<div class=\"wp-block-media-text alignwide has-media-on-the-right is-stacked-on-mobile\"><div class=\"wp-block-media-text__content\">\n<p class=\"has-normal-font-size\">Insgesamt erstreckt sich der Wanderweg \u00fcber 19 Etappen und man kann ihn von der Quelle bis zur M\u00fcndung erwandern oder umgekehrt. Aber mit Sicherheit gibt es auf all diesen Etappen, die insgesamt dosierte 6.000 H\u00f6henmeter erfassen, reichlich zu entdecken. Wer will kann sogar durch ein paar leichte und gut gesicherte Klettersteigpassagen erkraxeln.<\/p>\n<\/div><figure class=\"wp-block-media-text__media\"><img loading=\"lazy\" decoding=\"async\" width=\"1024\" height=\"576\" src=\"https:\/\/tourismus.bibibo.info\/wp-content\/uploads\/2021\/05\/E15-Leinpfad-bei-Eschhofen_2021-05-12-1024x576.jpg\" alt=\"\" class=\"wp-image-1778 size-full\" srcset=\"https:\/\/tourismus.bibibo.info\/wp-content\/uploads\/2021\/05\/E15-Leinpfad-bei-Eschhofen_2021-05-12-1024x576.jpg 1024w, https:\/\/tourismus.bibibo.info\/wp-content\/uploads\/2021\/05\/E15-Leinpfad-bei-Eschhofen_2021-05-12-300x169.jpg 300w, https:\/\/tourismus.bibibo.info\/wp-content\/uploads\/2021\/05\/E15-Leinpfad-bei-Eschhofen_2021-05-12-768x432.jpg 768w, https:\/\/tourismus.bibibo.info\/wp-content\/uploads\/2021\/05\/E15-Leinpfad-bei-Eschhofen_2021-05-12.jpg 1504w\" sizes=\"auto, (max-width: 1024px) 100vw, 1024px\" \/><\/figure><\/div>\n\n\n\n<p class=\"has-text-align-right has-small-font-size\"><strong>Foto: Lahntal Tourismus Verband&nbsp;e.&nbsp;V.<\/strong>\/<strong>J\u00f6rg Thamer <\/strong><\/p>\n\n\n\n<p>2 der 19 Etappen f\u00fchren auch durch unsere Heimatgemeinde:<\/p>\n\n\n\n<ul class=\"wp-block-list\">\n<li><a rel=\"noreferrer noopener\" href=\"https:\/\/tourismus.bibibo.info\/?p=1740\" target=\"_blank\"><strong>Etappe 09 von Lollar nach Rodheim<\/strong><\/a><\/li>\n\n\n\n<li><strong><a href=\"https:\/\/tourismus.bibibo.info\/?p=1742\" target=\"_blank\" rel=\"noreferrer noopener\">Etappe 10 von Rodheim nach Wetzlar<\/a><\/strong><\/li>\n<\/ul>\n\n\n\n<p>Die Etappennummern sind flussabw\u00e4rts vergeben. Flussaufw\u00e4rts haben sie die gleiche Nr. &#8211; gehen allerdings umgekehrt. Klickt auf die entsprechende Etappe und ihr bekommt zur dieser gesonderte Infos und Bilder. <\/p>\n\n\n\n<h5 class=\"wp-block-heading has-text-align-center\"><strong>Das rote LW weist den Weg<\/strong><\/h5>\n\n\n\n<div class=\"wp-block-media-text alignwide is-stacked-on-mobile\"><figure class=\"wp-block-media-text__media\"><img loading=\"lazy\" decoding=\"async\" width=\"600\" height=\"600\" src=\"https:\/\/tourismus.bibibo.info\/wp-content\/uploads\/2021\/04\/lawaa-10x10-mittel-rgb.jpg\" alt=\"\" class=\"wp-image-1735 size-full\" srcset=\"https:\/\/tourismus.bibibo.info\/wp-content\/uploads\/2021\/04\/lawaa-10x10-mittel-rgb.jpg 600w, https:\/\/tourismus.bibibo.info\/wp-content\/uploads\/2021\/04\/lawaa-10x10-mittel-rgb-300x300.jpg 300w, https:\/\/tourismus.bibibo.info\/wp-content\/uploads\/2021\/04\/lawaa-10x10-mittel-rgb-150x150.jpg 150w\" sizes=\"auto, (max-width: 600px) 100vw, 600px\" \/><\/figure><div class=\"wp-block-media-text__content\">\n<p>Der Lahnwanderweg ist durchg\u00e4ngig mit seinem markanten Zeichen markiert. Es zeigt ein rotes LW auf wei\u00dfem Grund. Unsere WegepatInnen haben ihn durch Wald und Feld; Dorf und Stadt gekennzeichnet. Vor allem an den Abzweigungen und Kreuzungen.<\/p>\n\n\n\n<p>Die Zuwege sind an den Markierungen mit dem gelben Hintergrund zu erkennen.<\/p>\n\n\n\n<p class=\"has-small-font-size\"><strong>Foto: Lahntal Tourismus Verband&nbsp;e.&nbsp;V.<\/strong>\/<strong>Redaktion<\/strong><\/p>\n<\/div><\/div>\n\n\n\n<div class=\"wp-block-media-text alignwide has-media-on-the-right is-stacked-on-mobile\"><div class=\"wp-block-media-text__content\">\n<p class=\"has-normal-font-size\">Wie w\u00e4re es dann noch mit dem Wanderpass vom Lahntourismusverband? Schon ab drei Etappen vergeben sie die&nbsp;<strong>Lahnwanderweg Wander-Urkunde<\/strong>. <\/p>\n\n\n\n<p class=\"has-small-font-size\"><strong>Foto: Lahntal Tourismus Verband e. V.<\/strong><\/p>\n<\/div><figure class=\"wp-block-media-text__media\"><img loading=\"lazy\" decoding=\"async\" width=\"600\" height=\"254\" src=\"https:\/\/tourismus.bibibo.info\/wp-content\/uploads\/2021\/04\/lawa-stempelheft-2018-titel-quer.jpg\" alt=\"\" class=\"wp-image-1737 size-full\" srcset=\"https:\/\/tourismus.bibibo.info\/wp-content\/uploads\/2021\/04\/lawa-stempelheft-2018-titel-quer.jpg 600w, https:\/\/tourismus.bibibo.info\/wp-content\/uploads\/2021\/04\/lawa-stempelheft-2018-titel-quer-300x127.jpg 300w\" sizes=\"auto, (max-width: 600px) 100vw, 600px\" \/><\/figure><\/div>\n\n\n\n<p>Stempel kann man auf allen 19 Etappen sammeln und wer 17 von 19 erwandert hat und seinen Wanderpass einreicht, kann an einem Gewinnspiel teilnehmen. Den Wanderpass gibt es nat\u00fcrlich als Erinnerung zur\u00fcck. Ihn kann man <a rel=\"noreferrer noopener\" href=\"https:\/\/web4.deskline.net\/lahntal_rg\/de\/brochure\/list?AspxAutoDetectCookieSupport=1#!m\/1\/orderby\/id\" target=\"_blank\"><strong>hier<\/strong><\/a> bestellen oder unter<\/p>\n\n\n\n<div class=\"wp-block-file aligncenter\"><a id=\"wp-block-file--media-58298f74-c3c7-4ec0-9622-bdd3a9019b04\" href=\"https:\/\/tourismus.bibibo.info\/wp-content\/uploads\/2021\/04\/LAWA-Stempelheft-2018-07-23-final-lo.pdf\"><strong>LAWA-Stempelheft-2018-07-23-final-lo<\/strong><\/a><a href=\"https:\/\/tourismus.bibibo.info\/wp-content\/uploads\/2021\/04\/LAWA-Stempelheft-2018-07-23-final-lo.pdf\" class=\"wp-block-file__button wp-element-button\" download aria-describedby=\"wp-block-file--media-58298f74-c3c7-4ec0-9622-bdd3a9019b04\">Herunterladen<\/a><\/div>\n\n\n\n<p>herunterladen und ausdrucken. <\/p>\n\n\n\n<p>Vielleicht seid Ihr ja jetzt auf den Genuss gekommen und Ihr erwandert die ein oder andere Etappe. \u00dcber Bilder und ein kleinen Bericht zur der jeweiligen Etappe w\u00fcrden wir uns freuen. So k\u00f6nnen wir vielleicht im Laufe der Zeit alle Etappen hier pr\u00e4sentieren. Gerade im Sommer der Pandemie ist das vielleicht eine tolle Alternative. <\/p>\n\n\n\n<p><\/p>\n\n\n\n<p class=\"has-small-font-size\"><strong>Bilder:<\/strong> <strong>J\u00f6rg Thamer \/ LTV,<\/strong> <br><strong>Quelle:<\/strong> <a rel=\"noreferrer noopener\" href=\"https:\/\/www.lahnwanderweg.de\/de\/\" target=\"_blank\"><strong>lahnwanderweg.de<\/strong><\/a><\/p>\n\n\n\n<hr class=\"wp-block-separator has-text-color has-dark-gray-color has-alpha-channel-opacity has-dark-gray-background-color has-background is-style-wide\"\/>\n\n\n\n<p>Ein weiterer Beitrag zum Thema: <strong><a href=\"https:\/\/tourismus.bibibo.info\/wanderwege\/der-lahnwanderweg-ihre-arbeit-ist-unser-genuss\/\" data-type=\"link\" data-id=\"https:\/\/tourismus.bibibo.info\/wanderwege\/der-lahnwanderweg-ihre-arbeit-ist-unser-genuss\/\">Der Lahnwanderweg &#8211; Ihre Arbeit &#8211; unser Genuss<\/a><\/strong><\/p>\n","protected":false},"excerpt":{"rendered":"<p>Der Lahnwanderweg steht dieses Jahr (2021) zur Wahl des sch\u00f6nsten Wanderweges bei den Mehrtagestouren. Abgestimmt werden kann noch bis 30.06.2021 und wer seine Stimme abgibt kann auch noch etwas gewinnen. Da ihr bei der Wahl nicht nur Mehrtagestouren zur Auswahl habt, sondern auch Tagestouren, w\u00fcrde sich die Loreley Extratour, die ja auch nicht allzuweit entfernt &hellip; <\/p>\n<p class=\"link-more\"><a href=\"https:\/\/tourismus.bibibo.info\/?page_id=1728\" class=\"more-link\">Mehr <span class=\"screen-reader-text\">\u00fcber &#8222;Der Lahnwanderweg&#8220; <\/span>Lesen<\/a><\/p>\n","protected":false},"author":5,"featured_media":0,"parent":0,"menu_order":0,"comment_status":"closed","ping_status":"closed","template":"","meta":{"inspiro_hide_title":false,"footnotes":""},"class_list":["post-1728","page","type-page","status-publish","hentry"],"_links":{"self":[{"href":"https:\/\/tourismus.bibibo.info\/index.php?rest_route=\/wp\/v2\/pages\/1728","targetHints":{"allow":["GET"]}}],"collection":[{"href":"https:\/\/tourismus.bibibo.info\/index.php?rest_route=\/wp\/v2\/pages"}],"about":[{"href":"https:\/\/tourismus.bibibo.info\/index.php?rest_route=\/wp\/v2\/types\/page"}],"author":[{"embeddable":true,"href":"https:\/\/tourismus.bibibo.info\/index.php?rest_route=\/wp\/v2\/users\/5"}],"replies":[{"embeddable":true,"href":"https:\/\/tourismus.bibibo.info\/index.php?rest_route=%2Fwp%2Fv2%2Fcomments&post=1728"}],"version-history":[{"count":19,"href":"https:\/\/tourismus.bibibo.info\/index.php?rest_route=\/wp\/v2\/pages\/1728\/revisions"}],"predecessor-version":[{"id":1826,"href":"https:\/\/tourismus.bibibo.info\/index.php?rest_route=\/wp\/v2\/pages\/1728\/revisions\/1826"}],"wp:attachment":[{"href":"https:\/\/tourismus.bibibo.info\/index.php?rest_route=%2Fwp%2Fv2%2Fmedia&parent=1728"}],"curies":[{"name":"wp","href":"https:\/\/api.w.org\/{rel}","templated":true}]}}